{"id":971,"date":"2022-12-19T18:27:30","date_gmt":"2022-12-19T17:27:30","guid":{"rendered":"https:\/\/zajazza.fr\/?page_id=971"},"modified":"2025-11-07T11:17:44","modified_gmt":"2025-11-07T10:17:44","slug":"biographie","status":"publish","type":"page","link":"https:\/\/zajazza.fr\/","title":{"rendered":"Biographie"},"content":{"rendered":"\t\t<div data-elementor-type=\"wp-page\" data-elementor-id=\"971\" class=\"elementor elementor-971\">\n\t\t\t\t\t\t<section class=\"elementor-section elementor-top-section elementor-element elementor-element-69d7d667 elementor-section-boxed elementor-section-height-default elementor-section-height-default\" data-id=\"69d7d667\" data-element_type=\"section\">\n\t\t\t\t\t\t<div class=\"elementor-container elementor-column-gap-default\">\n\t\t\t\t\t<div class=\"elementor-column elementor-col-100 elementor-top-column elementor-element elementor-element-3a79469b\" data-id=\"3a79469b\" data-element_type=\"column\">\n\t\t\t<div class=\"elementor-widget-wrap elementor-element-populated\">\n\t\t\t\t\t\t<div class=\"elementor-element elementor-element-58cbdcf9 elementor-widget elementor-widget-text-editor\" data-id=\"58cbdcf9\" data-element_type=\"widget\" data-widget_type=\"text-editor.default\">\n\t\t\t\t<div class=\"elementor-widget-container\">\n\t\t\t\t\t\t\t<h2 class=\"wp-block-heading\">Entre Jazz, Hip-Hop et musique \u00e9lectronique:<\/h2>\n<p><!-- \/wp:heading --><!-- wp:media-text {\"align\":\"full\",\"mediaId\":650,\"mediaLink\":\"https:\/\/zajazza.fr\/36890916_1832826633449921_8108482965870215168_n\/\",\"mediaType\":\"image\"} --><\/p>\n<div class=\"wp-block-media-text alignfull is-stacked-on-mobile\">\n<figure class=\"wp-block-media-text__media\"><img fetchpriority=\"high\" decoding=\"async\" class=\"alignnone wp-image-1108 size-large\" src=\"https:\/\/zajazza.fr\/wp-content\/uploads\/2025\/10\/fluo-clem-low-1024x897.jpg\" alt=\"\" width=\"1024\" height=\"897\" srcset=\"https:\/\/zajazza.fr\/wp-content\/uploads\/2025\/10\/fluo-clem-low-1024x897.jpg 1024w, https:\/\/zajazza.fr\/wp-content\/uploads\/2025\/10\/fluo-clem-low-300x263.jpg 300w, https:\/\/zajazza.fr\/wp-content\/uploads\/2025\/10\/fluo-clem-low-768x673.jpg 768w, https:\/\/zajazza.fr\/wp-content\/uploads\/2025\/10\/fluo-clem-low.jpg 1039w\" sizes=\"(max-width: 1024px) 100vw, 1024px\" \/><\/figure>\n<div class=\"wp-block-media-text__content\">\n<p><!-- wp:paragraph {\"placeholder\":\"Contenu\u2026\"} --><\/p>\n<p>Compositeur multi genre (Hip-Hop, Jazz, Electro&#8230;), DJ\u00a0 et co-fondateur de Sampling is Beautiful, Cl\u00e9ment Serg\u00e9 (Zajazza) a produit plusieurs albums et singles avec des artistes fran\u00e7ais et internationaux .<\/p>\n<p><!-- \/wp:paragraph --><\/p>\n<\/div>\n<\/div>\n<p><!-- \/wp:media-text --><!-- wp:media-text {\"align\":\"full\",\"mediaPosition\":\"right\",\"mediaId\":976,\"mediaLink\":\"https:\/\/zajazza.fr\/zajazza-presse-non-signe-sebastien-criner-46228-3\/\",\"mediaType\":\"image\"} --><\/p>\n<div class=\"wp-block-media-text alignfull has-media-on-the-right is-stacked-on-mobile\">\n<div class=\"wp-block-media-text__content\">\n<p><!-- wp:paragraph --><\/p>\n<p>De 2005 \u00e0 aujourd\u2019hui, Zajazza a laiss\u00e9 trainer ses samplers entre Lyon, New-York, Valparaiso, S\u00e3o Paulo, Le Caire et Lisbonne, m\u00ealant enregistrements, rencontres et repr\u00e9sentations sc\u00e9niques.<\/p>\n<p><!-- \/wp:paragraph --><!-- wp:paragraph --><\/p>\n<p>Sa discographie touche plusieurs styles musicaux avec toujours du sample et un traitement du son caract\u00e9ris\u00e9.<\/p>\n<p>Tant sur sc\u00e8ne que sur disque, sa carri\u00e8re est marqu\u00e9e par de nombreuses collaborations comme par exemple avec Gael Faye sur le titre \u00ab\u00a0Ode \u00e0 l&rsquo;\u00e9criture\u00a0\u00bb, le oudiste Amin Al Aiedy sur le disque \u00ab\u00a0Soleil d&rsquo;Eau\u00a0\u00bb, et de nombreux rappeurs New-Yorkais (voir le documentaire : On Sample la grosse pomme)&#8230;\u00a0<\/p>\n<p><!-- \/wp:paragraph --><!-- wp:paragraph --><\/p>\n<p>En 2017, il a cr\u00e9\u00e9 le concept Sampling is Beautiful avec le photographe Paul Bourdrel dans lequel ils samplent de mani\u00e8re originale la programmation de salles de spectacles. Suite au \u00ab\u00a0succ\u00e8s\u00a0\u00bb de ces vid\u00e9os se forme alors un groupe live avec le batteur Japhet Boristh\u00e8ne et le trompetiste Yacha Berdah.<\/p>\n<p><!-- \/wp:paragraph --><!-- wp:paragraph --><\/p>\n<p>\u00a0<\/p>\n<p><!-- \/wp:paragraph --><!-- wp:paragraph --><\/p>\n<p><!-- \/wp:paragraph --><!-- wp:paragraph --><\/p>\n<p><!-- \/wp:paragraph --><\/p>\n<\/div>\n<figure class=\"wp-block-media-text__media\"><img decoding=\"async\" class=\"alignnone wp-image-1147 size-full\" src=\"https:\/\/zajazza.fr\/wp-content\/uploads\/2025\/11\/SIB_NYC_7_The_Thing-2-e1762510624107.jpg\" alt=\"\" width=\"595\" height=\"1005\" srcset=\"https:\/\/zajazza.fr\/wp-content\/uploads\/2025\/11\/SIB_NYC_7_The_Thing-2-e1762510624107.jpg 595w, https:\/\/zajazza.fr\/wp-content\/uploads\/2025\/11\/SIB_NYC_7_The_Thing-2-e1762510624107-178x300.jpg 178w\" sizes=\"(max-width: 595px) 100vw, 595px\" \/><\/figure>\nLeur premier album \u00ab\u00a0Capture\u00a0\u00bb sorti en f\u00e9vrier 2025 confirme leur place dans le Jazz fran\u00e7ais avec une premi\u00e8re partie de Vulfpeck au Jazz \u00e0 Vienne, une \u00e9mission avec Ibrahim Maalouf sur TSF Jazz et de nombreux concerts \u00e0 travers la France (Nancy Jazz Pulsations, Bataclan, Marseille Jazz des 5 continents&#8230;).<\/div>\n<p><!-- \/wp:media-text --><\/p>\n<p><img decoding=\"async\" class=\"wp-image-1126 size-large aligncenter\" src=\"https:\/\/zajazza.fr\/wp-content\/uploads\/2025\/10\/low-SIB_CLIP_RELEASE_web_paul.bourdrel-23-1024x683.jpeg\" alt=\"\" width=\"1024\" height=\"683\" srcset=\"https:\/\/zajazza.fr\/wp-content\/uploads\/2025\/10\/low-SIB_CLIP_RELEASE_web_paul.bourdrel-23-1024x683.jpeg 1024w, https:\/\/zajazza.fr\/wp-content\/uploads\/2025\/10\/low-SIB_CLIP_RELEASE_web_paul.bourdrel-23-300x200.jpeg 300w, https:\/\/zajazza.fr\/wp-content\/uploads\/2025\/10\/low-SIB_CLIP_RELEASE_web_paul.bourdrel-23-768x512.jpeg 768w, https:\/\/zajazza.fr\/wp-content\/uploads\/2025\/10\/low-SIB_CLIP_RELEASE_web_paul.bourdrel-23-1536x1024.jpeg 1536w, https:\/\/zajazza.fr\/wp-content\/uploads\/2025\/10\/low-SIB_CLIP_RELEASE_web_paul.bourdrel-23.jpeg 2048w\" sizes=\"(max-width: 1024px) 100vw, 1024px\" \/><\/p>\n<p>\u00a0<\/p>\t\t\t\t\t\t<\/div>\n\t\t\t\t<\/div>\n\t\t\t\t\t<\/div>\n\t\t<\/div>\n\t\t\t\t\t<\/div>\n\t\t<\/section>\n\t\t\t\t<\/div>\n\t\t","protected":false},"excerpt":{"rendered":"<p>Entre Jazz, Hip-Hop et musique \u00e9lectronique: Compositeur multi genre (Hip-Hop, Jazz, Electro&#8230;), DJ\u00a0 et co-fondateur de Sampling is Beautiful, Cl\u00e9ment Serg\u00e9 (Zajazza) a produit plusieurs albums et singles avec des artistes fran\u00e7ais et internationaux . De 2005 \u00e0 aujourd\u2019hui, Zajazza a laiss\u00e9 trainer ses samplers entre Lyon, New-York, Valparaiso, S\u00e3o Paulo, Le Caire et Lisbonne, [&hellip;]<\/p>\n","protected":false},"author":1,"featured_media":1044,"parent":0,"menu_order":0,"comment_status":"closed","ping_status":"closed","template":"","meta":{"footnotes":""},"class_list":["post-971","page","type-page","status-publish","has-post-thumbnail","hentry"],"yoast_head":"<!-- This site is optimized with the Yoast SEO plugin v23.8 - https:\/\/yoast.com\/wordpress\/plugins\/seo\/ -->\n<title>Biographie - Zajazza<\/title>\n<meta name=\"robots\" content=\"index, follow, max-snippet:-1, max-image-preview:large, max-video-preview:-1\" \/>\n<link rel=\"canonical\" href=\"https:\/\/zajazza.fr\/\" \/>\n<meta property=\"og:locale\" content=\"fr_FR\" \/>\n<meta property=\"og:type\" content=\"article\" \/>\n<meta property=\"og:title\" content=\"Biographie - Zajazza\" \/>\n<meta property=\"og:description\" content=\"Entre Jazz, Hip-Hop et musique \u00e9lectronique: Compositeur multi genre (Hip-Hop, Jazz, Electro&#8230;), DJ\u00a0 et co-fondateur de Sampling is Beautiful, Cl\u00e9ment Serg\u00e9 (Zajazza) a produit plusieurs albums et singles avec des artistes fran\u00e7ais et internationaux . De 2005 \u00e0 aujourd\u2019hui, Zajazza a laiss\u00e9 trainer ses samplers entre Lyon, New-York, Valparaiso, S\u00e3o Paulo, Le Caire et Lisbonne, [&hellip;]\" \/>\n<meta property=\"og:url\" content=\"https:\/\/zajazza.fr\/\" \/>\n<meta property=\"og:site_name\" content=\"Zajazza\" \/>\n<meta property=\"article:modified_time\" content=\"2025-11-07T10:17:44+00:00\" \/>\n<meta property=\"og:image\" content=\"https:\/\/zajazza.fr\/wp-content\/uploads\/2023\/07\/331002205_590312269606974_2402126737188915925_n.jpg\" \/>\n\t<meta property=\"og:image:width\" content=\"2048\" \/>\n\t<meta property=\"og:image:height\" content=\"1362\" \/>\n\t<meta property=\"og:image:type\" content=\"image\/jpeg\" \/>\n<meta name=\"twitter:card\" content=\"summary_large_image\" \/>\n<meta name=\"twitter:label1\" content=\"Dur\u00e9e de lecture estim\u00e9e\" \/>\n\t<meta name=\"twitter:data1\" content=\"2 minutes\" \/>\n<script type=\"application\/ld+json\" class=\"yoast-schema-graph\">{\"@context\":\"https:\/\/schema.org\",\"@graph\":[{\"@type\":\"WebPage\",\"@id\":\"https:\/\/zajazza.fr\/\",\"url\":\"https:\/\/zajazza.fr\/\",\"name\":\"Biographie - Zajazza\",\"isPartOf\":{\"@id\":\"https:\/\/zajazza.fr\/#website\"},\"primaryImageOfPage\":{\"@id\":\"https:\/\/zajazza.fr\/#primaryimage\"},\"image\":{\"@id\":\"https:\/\/zajazza.fr\/#primaryimage\"},\"thumbnailUrl\":\"https:\/\/zajazza.fr\/wp-content\/uploads\/2023\/07\/331002205_590312269606974_2402126737188915925_n.jpg\",\"datePublished\":\"2022-12-19T17:27:30+00:00\",\"dateModified\":\"2025-11-07T10:17:44+00:00\",\"breadcrumb\":{\"@id\":\"https:\/\/zajazza.fr\/#breadcrumb\"},\"inLanguage\":\"fr-FR\",\"potentialAction\":[{\"@type\":\"ReadAction\",\"target\":[\"https:\/\/zajazza.fr\/\"]}]},{\"@type\":\"ImageObject\",\"inLanguage\":\"fr-FR\",\"@id\":\"https:\/\/zajazza.fr\/#primaryimage\",\"url\":\"https:\/\/zajazza.fr\/wp-content\/uploads\/2023\/07\/331002205_590312269606974_2402126737188915925_n.jpg\",\"contentUrl\":\"https:\/\/zajazza.fr\/wp-content\/uploads\/2023\/07\/331002205_590312269606974_2402126737188915925_n.jpg\",\"width\":2048,\"height\":1362},{\"@type\":\"BreadcrumbList\",\"@id\":\"https:\/\/zajazza.fr\/#breadcrumb\",\"itemListElement\":[{\"@type\":\"ListItem\",\"position\":1,\"name\":\"Accueil\",\"item\":\"https:\/\/zajazza.fr\/\"},{\"@type\":\"ListItem\",\"position\":2,\"name\":\"Biographie\"}]},{\"@type\":\"WebSite\",\"@id\":\"https:\/\/zajazza.fr\/#website\",\"url\":\"https:\/\/zajazza.fr\/\",\"name\":\"Zajazza\",\"description\":\"DJ - Producer - Traveller\",\"potentialAction\":[{\"@type\":\"SearchAction\",\"target\":{\"@type\":\"EntryPoint\",\"urlTemplate\":\"https:\/\/zajazza.fr\/?s={search_term_string}\"},\"query-input\":{\"@type\":\"PropertyValueSpecification\",\"valueRequired\":true,\"valueName\":\"search_term_string\"}}],\"inLanguage\":\"fr-FR\"}]}<\/script>\n<!-- \/ Yoast SEO plugin. -->","yoast_head_json":{"title":"Biographie - Zajazza","robots":{"index":"index","follow":"follow","max-snippet":"max-snippet:-1","max-image-preview":"max-image-preview:large","max-video-preview":"max-video-preview:-1"},"canonical":"https:\/\/zajazza.fr\/","og_locale":"fr_FR","og_type":"article","og_title":"Biographie - Zajazza","og_description":"Entre Jazz, Hip-Hop et musique \u00e9lectronique: Compositeur multi genre (Hip-Hop, Jazz, Electro&#8230;), DJ\u00a0 et co-fondateur de Sampling is Beautiful, Cl\u00e9ment Serg\u00e9 (Zajazza) a produit plusieurs albums et singles avec des artistes fran\u00e7ais et internationaux . De 2005 \u00e0 aujourd\u2019hui, Zajazza a laiss\u00e9 trainer ses samplers entre Lyon, New-York, Valparaiso, S\u00e3o Paulo, Le Caire et Lisbonne, [&hellip;]","og_url":"https:\/\/zajazza.fr\/","og_site_name":"Zajazza","article_modified_time":"2025-11-07T10:17:44+00:00","og_image":[{"width":2048,"height":1362,"url":"https:\/\/zajazza.fr\/wp-content\/uploads\/2023\/07\/331002205_590312269606974_2402126737188915925_n.jpg","type":"image\/jpeg"}],"twitter_card":"summary_large_image","twitter_misc":{"Dur\u00e9e de lecture estim\u00e9e":"2 minutes"},"schema":{"@context":"https:\/\/schema.org","@graph":[{"@type":"WebPage","@id":"https:\/\/zajazza.fr\/","url":"https:\/\/zajazza.fr\/","name":"Biographie - Zajazza","isPartOf":{"@id":"https:\/\/zajazza.fr\/#website"},"primaryImageOfPage":{"@id":"https:\/\/zajazza.fr\/#primaryimage"},"image":{"@id":"https:\/\/zajazza.fr\/#primaryimage"},"thumbnailUrl":"https:\/\/zajazza.fr\/wp-content\/uploads\/2023\/07\/331002205_590312269606974_2402126737188915925_n.jpg","datePublished":"2022-12-19T17:27:30+00:00","dateModified":"2025-11-07T10:17:44+00:00","breadcrumb":{"@id":"https:\/\/zajazza.fr\/#breadcrumb"},"inLanguage":"fr-FR","potentialAction":[{"@type":"ReadAction","target":["https:\/\/zajazza.fr\/"]}]},{"@type":"ImageObject","inLanguage":"fr-FR","@id":"https:\/\/zajazza.fr\/#primaryimage","url":"https:\/\/zajazza.fr\/wp-content\/uploads\/2023\/07\/331002205_590312269606974_2402126737188915925_n.jpg","contentUrl":"https:\/\/zajazza.fr\/wp-content\/uploads\/2023\/07\/331002205_590312269606974_2402126737188915925_n.jpg","width":2048,"height":1362},{"@type":"BreadcrumbList","@id":"https:\/\/zajazza.fr\/#breadcrumb","itemListElement":[{"@type":"ListItem","position":1,"name":"Accueil","item":"https:\/\/zajazza.fr\/"},{"@type":"ListItem","position":2,"name":"Biographie"}]},{"@type":"WebSite","@id":"https:\/\/zajazza.fr\/#website","url":"https:\/\/zajazza.fr\/","name":"Zajazza","description":"DJ - Producer - Traveller","potentialAction":[{"@type":"SearchAction","target":{"@type":"EntryPoint","urlTemplate":"https:\/\/zajazza.fr\/?s={search_term_string}"},"query-input":{"@type":"PropertyValueSpecification","valueRequired":true,"valueName":"search_term_string"}}],"inLanguage":"fr-FR"}]}},"_links":{"self":[{"href":"https:\/\/zajazza.fr\/index.php\/wp-json\/wp\/v2\/pages\/971","targetHints":{"allow":["GET"]}}],"collection":[{"href":"https:\/\/zajazza.fr\/index.php\/wp-json\/wp\/v2\/pages"}],"about":[{"href":"https:\/\/zajazza.fr\/index.php\/wp-json\/wp\/v2\/types\/page"}],"author":[{"embeddable":true,"href":"https:\/\/zajazza.fr\/index.php\/wp-json\/wp\/v2\/users\/1"}],"replies":[{"embeddable":true,"href":"https:\/\/zajazza.fr\/index.php\/wp-json\/wp\/v2\/comments?post=971"}],"version-history":[{"count":53,"href":"https:\/\/zajazza.fr\/index.php\/wp-json\/wp\/v2\/pages\/971\/revisions"}],"predecessor-version":[{"id":1150,"href":"https:\/\/zajazza.fr\/index.php\/wp-json\/wp\/v2\/pages\/971\/revisions\/1150"}],"wp:featuredmedia":[{"embeddable":true,"href":"https:\/\/zajazza.fr\/index.php\/wp-json\/wp\/v2\/media\/1044"}],"wp:attachment":[{"href":"https:\/\/zajazza.fr\/index.php\/wp-json\/wp\/v2\/media?parent=971"}],"curies":[{"name":"wp","href":"https:\/\/api.w.org\/{rel}","templated":true}]}}